{"id":63,"date":"2026-04-10T23:27:55","date_gmt":"2026-04-11T02:27:55","guid":{"rendered":"http:\/\/redarte.test\/?page_id=63"},"modified":"2026-04-14T12:34:10","modified_gmt":"2026-04-14T16:34:10","slug":"inicio-2","status":"publish","type":"page","link":"https:\/\/redarte.cl\/","title":{"rendered":"Inicio"},"content":{"rendered":"<div class=\"et_pb_section_0 et_pb_section et_section_regular et_block_section et-pb-has-background-video et_pb_preload et_pb_section_parallax\"><span class=\"et-pb-parallax-wrapper\"><span class=\"et-pb-parallax-background et-pb-parallax-background-module--divi-section-0 et_parallax_bg_tablet_exist et_parallax_bg_phone_exist\" style=\"background-image:url(https:\/\/redarte.cl\/wp-content\/uploads\/2026\/04\/art-gallery-60-1.png)\"><\/span><\/span><span class=\"et-pb-parallax-wrapper\"><span class=\"et-pb-parallax-background et-pb-parallax-background_tablet et-pb-parallax-background_tablet-module--divi-section-0 et_parallax_bg_phone_exist\" style=\"background-image:url(https:\/\/redarte.cl\/wp-content\/uploads\/2026\/04\/art-gallery-60-1.png)\"><\/span><\/span><span class=\"et-pb-parallax-wrapper\"><span class=\"et-pb-parallax-background et-pb-parallax-background_phone et-pb-parallax-background_phone-module--divi-section-0 et_parallax_bg_tablet_exist\" style=\"background-image:url(https:\/\/redarte.cl\/wp-content\/uploads\/2026\/04\/art-gallery-60-1.png)\"><\/span><\/span><span class=\"et-pb-background-video\"><video autoplay loop playsinline muted><source type=\"video\/mp4\" src=\"https:\/\/redarte.cl\/wp-content\/uploads\/2026\/04\/rearte.mp4\" \/><\/video><\/span>\n<div class=\"et_pb_row_0 et_pb_row et_block_row\">\n<div class=\"et_pb_column_0 et_pb_column et_pb_column_4_4 et-last-child et_block_column et_pb_css_mix_blend_mode_passthrough\">\n<div class=\"et_pb_text_0 et_pb_text et_pb_bg_layout_light et_pb_module et_block_module preset--module--divi-text--default\"><div class=\"et_pb_text_inner\"><h2><span style=\"color: #ffffff;\">Micro-galer\u00edas de arte contempor\u00e1neo en el espacio p\u00fablico<\/span><\/h2>\n<\/div><\/div>\n\n<div class=\"et_pb_text_1 et_pb_text et_pb_bg_layout_light et_pb_module et_block_module preset--module--divi-text--default\"><div class=\"et_pb_text_inner\"><h1><span style=\"color: #ffffff;\">Red Arte<\/span><\/h1>\n<\/div><\/div>\n\n<div class=\"et_pb_row_1 et_pb_row et_pb_row_nested et_flex_row\">\n<div class=\"et_pb_column_1 et_pb_column et-last-child et_flex_column et_pb_css_mix_blend_mode_passthrough et_flex_column_24_24 et_flex_column_24_24_tablet et_flex_column_24_24_phone\">\n<div class=\"et_pb_cta_0 et_pb_promo et_pb_bg_layout_dark et_clickable et_pb_module et_flex_module preset--module--divi-cta--default\"><div class=\"et_pb_promo_description\"><div class=\"et_pb_promo_content\"><p style=\"text-align: left;\"><span style=\"color: #ffffff;\">Red Arte es una red de micro-galer\u00edas sustentables instaladas en la Regi\u00f3n de O\u2019Higgins que conecta arte, territorio e inclusi\u00f3n, acercando la creaci\u00f3n contempor\u00e1nea a la vida cotidiana.<\/span><\/p>\n<\/div><\/div><div class=\"et_pb_button_wrapper\"><a class=\"et_pb_button et_pb_promo_button\" href=\"https:\/\/redarte.cl\/index.php\/sobre-red-arte\/\" data-icon=\"5\">Ver Proyecto<\/a><\/div><\/div>\n<\/div>\n<\/div>\n<\/div>\n<\/div>\n<\/div>\n\n<div class=\"et_pb_section_1 et_pb_section et_section_regular et_block_section\">\n<div class=\"et_pb_row_2 et_pb_row et_flex_row\">\n<div class=\"et_pb_column_2 et_pb_column et_block_column et_pb_css_mix_blend_mode_passthrough et_flex_column_12_24 et_flex_column_12_24_tablet et_flex_column_24_24_phone\">\n<div class=\"et_pb_text_2 et_pb_text et_pb_bg_layout_light et_pb_module et_block_module preset--module--divi-text--default\"><div class=\"et_pb_text_inner\"><h2 style=\"text-align: center;\">Quienes Somos<\/h2>\n<p style=\"text-align: justify;\">Red Arte es un proyecto colectivo que propone nuevas formas de exhibici\u00f3n art\u00edstica fuera de los espacios tradicionales.<\/p>\n<p style=\"text-align: justify;\">A trav\u00e9s de micro-galer\u00edas de peque\u00f1o formato con iluminaci\u00f3n solar, instaladas en Pichilemu, Santa Cruz y Litueche, el proyecto activa el espacio p\u00fablico como lugar de encuentro entre arte y comunidad.<\/p>\n<p style=\"text-align: justify;\">Las obras se exhiben de d\u00eda y de noche, integrando accesibilidad, sustentabilidad y di\u00e1logo territorial.<\/p>\n<\/div><\/div>\n<\/div>\n\n<div class=\"et_pb_column_3 et_pb_column et-last-child et_flex_column et_pb_css_mix_blend_mode_passthrough et_flex_column_12_24 et_flex_column_12_24_tablet et_flex_column_24_24_phone\">\n<div class=\"et_pb_image_0 et_pb_image et_pb_module et_flex_module preset--module--divi-image--default\"><span class=\"et_pb_image_wrap\"><img loading=\"lazy\" decoding=\"async\" src=\"https:\/\/redarte.cl\/wp-content\/uploads\/2026\/04\/geralt-colorful-3256055-scaled.jpg\" title=\"geralt-colorful-3256055\" width=\"2560\" height=\"1707\" class=\"wp-image-40\" \/><\/span><\/div>\n<\/div>\n<\/div>\n<\/div>\n\n<div class=\"et_pb_section_2 et_pb_section et_section_regular et_block_section\">\n<div class=\"et_pb_row_3 et_pb_row et_flex_row\">\n<div class=\"et_pb_column_4 et_pb_column et_block_column et_pb_css_mix_blend_mode_passthrough et_flex_column_12_24 et_flex_column_12_24_tablet et_flex_column_24_24_phone\">\n<div class=\"et_pb_image_1 et_pb_image et_pb_module et_flex_module preset--module--divi-image--default\"><span class=\"et_pb_image_wrap\"><img loading=\"lazy\" decoding=\"async\" src=\"https:\/\/redarte.cl\/wp-content\/uploads\/2026\/04\/geralt-colorful-3256055-scaled.jpg\" title=\"geralt-colorful-3256055\" width=\"2560\" height=\"1707\" class=\"wp-image-40\" \/><\/span><\/div>\n<\/div>\n\n<div class=\"et_pb_column_5 et_pb_column et-last-child et_flex_column et_pb_css_mix_blend_mode_passthrough et_flex_column_12_24 et_flex_column_12_24_tablet et_flex_column_24_24_phone\">\n<div class=\"et_pb_text_3 et_pb_text et_pb_bg_layout_light et_pb_module et_block_module preset--module--divi-text--default\"><div class=\"et_pb_text_inner\"><h3 style=\"text-align: center;\">TERRITORIO \u00a0Tres comunas, una red<\/h3>\n<p style=\"text-align: justify;\">Red Arte es un proyecto colectivo que propone nuevas formas de exhibici\u00f3n art\u00edstica fuera de los espacios tradicionales.<\/p>\n<p style=\"text-align: justify;\">A trav\u00e9s de micro-galer\u00edas de peque\u00f1o formato con iluminaci\u00f3n solar, instaladas en Pichilemu, Santa Cruz y Litueche, el proyecto activa el espacio p\u00fablico como lugar de encuentro entre arte y comunidad.<\/p>\n<p style=\"text-align: justify;\">Las obras se exhiben de d\u00eda y de noche, integrando accesibilidad, sustentabilidad y di\u00e1logo territorial.<\/p>\n<\/div><\/div>\n<\/div>\n<\/div>\n<\/div>\n\n<div class=\"et_pb_section_3 et_pb_section et_section_regular et_block_section\">\n<div class=\"et_pb_row_4 et_pb_row et_block_row\">\n<div class=\"et_pb_column_6 et_pb_column et_pb_column_3_5 et_block_column et_pb_css_mix_blend_mode_passthrough\">\n<div class=\"et_pb_image_2 et_pb_image et_pb_module et_block_module preset--module--divi-image--default\"><span class=\"et_pb_image_wrap\"><img loading=\"lazy\" decoding=\"async\" src=\"https:\/\/redarte.cl\/wp-content\/uploads\/2026\/04\/art-gallery-31.jpg\" width=\"1280\" height=\"865\" class=\"wp-image-70\" \/><\/span><\/div>\n<\/div>\n\n<div class=\"et_pb_column_7 et_pb_column et_pb_column_2_5 et-last-child et_block_column et_pb_css_mix_blend_mode_passthrough\">\n<div class=\"et_pb_cta_1 et_pb_promo et_pb_bg_layout_light et_pb_module et_block_module preset--module--divi-cta--default\"><div class=\"et_pb_promo_description\"><h1 class=\"et_pb_module_header\">Proyecto en expansi\u00f3n<\/h1><div class=\"et_pb_promo_content\"><p>Red Arte es una plataforma en crecimiento.<br \/>Durante 2026 se integrar\u00e1n nuevas obras mediante una convocatoria abierta dirigida a artistas de la regi\u00f3n, ampliando la red hacia futuras localidades.<\/p>\n<\/div><\/div><div class=\"et_pb_button_wrapper\"><a class=\"et_pb_button et_pb_promo_button\" href=\"#\">Postular<\/a><\/div><\/div>\n<\/div>\n<\/div>\n\n<div class=\"et_pb_row_5 et_pb_row et_pb_equal_columns et_pb_gutters1 et_block_row\">\n<div class=\"et_pb_column_8 et_pb_column et_pb_column_2_5 et_block_column et_pb_column_empty et_pb_css_mix_blend_mode_passthrough\"><\/div>\n\n<div class=\"et_pb_column_9 et_pb_column et_pb_column_3_5 et-last-child et_block_column et_pb_css_mix_blend_mode_passthrough\">\n<div class=\"et_pb_image_3 et_pb_image et_pb_module et_block_module preset--module--divi-image--default\"><span class=\"et_pb_image_wrap\"><img loading=\"lazy\" decoding=\"async\" src=\"https:\/\/redarte.cl\/wp-content\/uploads\/2026\/04\/art-gallery-32.jpg\" width=\"1280\" height=\"1308\" class=\"wp-image-72\" \/><\/span><\/div>\n\n<div class=\"et_pb_cta_2 et_pb_promo et_pb_bg_layout_light et_pb_module et_block_module preset--module--divi-cta--default\"><div class=\"et_pb_promo_description\"><h3 class=\"et_pb_module_header\">Accesibilidad y sustentabilidad<\/h3><div class=\"et_pb_promo_content\"><p>Cada exposici\u00f3n incorpora herramientas de accesibilidad universal, incluyendo audios descriptivos, capas sonoras y cat\u00e1logo en formatos accesibles.<\/p>\n<p>Las micro-galer\u00edas funcionan con energ\u00eda solar, proponiendo un modelo expositivo consciente con el entorno.<\/p>\n<\/div><\/div><div class=\"et_pb_button_wrapper\"><a class=\"et_pb_button et_pb_promo_button\" href=\"#\">Postular<\/a><\/div><\/div>\n<\/div>\n<\/div>\n<\/div>\n\n<div class=\"et_pb_section_4 et_pb_section et_section_regular et_block_section\">\n<div class=\"et_pb_row_6 et_pb_row et_block_row\">\n<div class=\"et_pb_column_10 et_pb_column et_pb_column_4_4 et-last-child et_block_column et_pb_css_mix_blend_mode_passthrough\">\n<div class=\"et_pb_text_4 et_pb_text et_pb_bg_layout_dark et_pb_module et_block_module preset--module--divi-text--default\"><div class=\"et_pb_text_inner\"><h3>products<\/h3>\n<h2>Gallery Store<\/h2>\n<\/div><\/div>\n\n<div class=\"et_pb_text_5 et_pb_text et_pb_bg_layout_dark et_pb_module et_block_module preset--module--divi-text--default\"><div class=\"et_pb_text_inner\"><p>Lorem ipsum dolor sit amet, consectetur adipiscing elit, sed do eiusmod tempor incididunt ut labore et dolore magna aliqua. Ut enim ad minim veniam, quis nostrud exercitation ullamco laboris nisi ut aliquip ex eai<\/p>\n<\/div><\/div>\n\n<div class=\"et_pb_module et_pb_button_module_wrapper et_pb_button_0_wrapper preset--module--divi-button--default_wrapper\"><a class=\"et_pb_button_0 et_pb_button et_pb_bg_layout_light et_pb_module et_block_module preset--module--divi-button--default\" href=\"\">Shop Now<\/a><\/div>\n<\/div>\n<\/div>\n<\/div>\n\n<div class=\"et_pb_section_5 et_pb_section et_section_regular et_block_section\">\n<div class=\"et_pb_row_7 et_pb_row et_block_row\">\n<div class=\"et_pb_column_11 et_pb_column et_pb_column_1_2 et_block_column et_pb_css_mix_blend_mode_passthrough\">\n<div class=\"et_pb_text_6 et_pb_text et_pb_bg_layout_light et_pb_module et_block_module preset--module--divi-text--default\"><div class=\"et_pb_text_inner\"><h3>Jenny Fields<\/h3>\n<h2>Featured Artist<\/h2>\n<p>Current Exhibition: Bloom<br \/>Jun 6th \u2013 Aug 19<\/p>\n<p>&nbsp;<\/p>\n<\/div><\/div>\n\n<div class=\"et_pb_module et_pb_button_module_wrapper et_pb_button_1_wrapper preset--module--divi-button--default_wrapper\"><a class=\"et_pb_button_1 et_pb_button et_pb_bg_layout_light et_pb_module et_block_module preset--module--divi-button--default\" href=\"\">Learn More<\/a><\/div>\n<\/div>\n\n<div class=\"et_pb_column_12 et_pb_column et_pb_column_1_2 et-last-child et_block_column et_pb_column_empty et_pb_css_mix_blend_mode_passthrough\"><\/div>\n<\/div>\n<\/div>\n\n<div class=\"et_pb_section_6 et_pb_section et_section_regular et_block_section\">\n<div class=\"et_pb_row_8 et_pb_row et_block_row\">\n<div class=\"et_pb_column_13 et_pb_column et_pb_column_4_4 et-last-child et_block_column et_pb_css_mix_blend_mode_passthrough\">\n<div class=\"et_pb_post_slider_0 et_pb_post_slider et_pb_bg_layout_dark et_pb_slider et_pb_slider_fullwidth_off et_pb_post_slider_image_background et_pb_slider_with_overlay et_pb_module et_flex_module preset--module--divi-post-slider--default\"><div class=\"et_pb_slides\"><div class=\"et_pb_slide et_pb_slide_with_no_image et_pb_post_slide-123\" style=\"background-image:\"><div class=\"et_pb_slide_overlay_container\"><\/div><div class=\"et_pb_container clearfix\"><div class=\"et_pb_slider_container_inner\"><div class=\"et_pb_slide_description\"><h2 class=\"et_pb_slide_title\"><a href=\"https:\/\/redarte.cl\/index.php\/2026\/04\/11\/blog-ejemplo\/\">Blog Ejemplo<\/a><\/h2><div class=\"et_pb_slide_content\"><p class=\"post-meta\">by <span class=\"author vcard\"><a href=\"https:\/\/redarte.cl\/index.php\/author\/ctorresc\/\" title=\"Posts by ctorresc\" rel=\"author\">ctorresc<\/a><\/span> | <span class=\"published\">11 de Abril de 2026<\/span> | <a href=\"https:\/\/redarte.cl\/index.php\/category\/sin-categoria\/\" rel=\"category tag\">Sin categor\u00eda<\/a> | 0 Comments<\/p><div class=\"et_pb_slide_content_body\"><p>Texto prueba<\/p>\n<\/div><\/div><div class=\"et_pb_button_wrapper\"><a class=\"et_pb_button et_pb_more_button\" href=\"https:\/\/redarte.cl\/index.php\/2026\/04\/11\/blog-ejemplo\/\" data-icon=\"$\">Read More<\/a><\/div><\/div><\/div><\/div><\/div><div class=\"et_pb_slide et_pb_post_slide-1\" style=\"background-image:url(https:\/\/redarte.cl\/wp-content\/uploads\/2026\/04\/art-gallery-32.jpg)\"><div class=\"et_pb_slide_overlay_container\"><\/div><div class=\"et_pb_container clearfix\"><div class=\"et_pb_slider_container_inner\"><div class=\"et_pb_slide_description\"><h2 class=\"et_pb_slide_title\"><a href=\"https:\/\/redarte.cl\/index.php\/2026\/04\/10\/hola-mundo\/\">\u00a1Hola mundo!<\/a><\/h2><div class=\"et_pb_slide_content\"><p class=\"post-meta\">by <span class=\"author vcard\"><a href=\"https:\/\/redarte.cl\/index.php\/author\/ctorresc\/\" title=\"Posts by ctorresc\" rel=\"author\">ctorresc<\/a><\/span> | <span class=\"published\">10 de Abril de 2026<\/span> | <a href=\"https:\/\/redarte.cl\/index.php\/category\/sin-categoria\/\" rel=\"category tag\">Sin categor\u00eda<\/a> | 1 Comment<\/p><div class=\"et_pb_slide_content_body\"><p>Bienvenido(a) a WordPress. Esta es tu primera entrada. Ed\u00edtala o b\u00f3rrala \u00a1y comienza a publicar!<\/p>\n<\/div><\/div><div class=\"et_pb_button_wrapper\"><a class=\"et_pb_button et_pb_more_button\" href=\"https:\/\/redarte.cl\/index.php\/2026\/04\/10\/hola-mundo\/\" data-icon=\"$\">Read More<\/a><\/div><\/div><\/div><\/div><\/div><\/div><\/div>\n<\/div>\n<\/div>\n<\/div>\n\n<div class=\"et_pb_section_7 et_pb_section et_section_regular et_block_section\"><\/div>","protected":false},"excerpt":{"rendered":"","protected":false},"author":1,"featured_media":0,"parent":0,"menu_order":0,"comment_status":"closed","ping_status":"closed","template":"","meta":{"footnotes":""},"class_list":["post-63","page","type-page","status-publish","hentry"],"_links":{"self":[{"href":"https:\/\/redarte.cl\/index.php\/wp-json\/wp\/v2\/pages\/63","targetHints":{"allow":["GET"]}}],"collection":[{"href":"https:\/\/redarte.cl\/index.php\/wp-json\/wp\/v2\/pages"}],"about":[{"href":"https:\/\/redarte.cl\/index.php\/wp-json\/wp\/v2\/types\/page"}],"author":[{"embeddable":true,"href":"https:\/\/redarte.cl\/index.php\/wp-json\/wp\/v2\/users\/1"}],"replies":[{"embeddable":true,"href":"https:\/\/redarte.cl\/index.php\/wp-json\/wp\/v2\/comments?post=63"}],"version-history":[{"count":30,"href":"https:\/\/redarte.cl\/index.php\/wp-json\/wp\/v2\/pages\/63\/revisions"}],"predecessor-version":[{"id":195,"href":"https:\/\/redarte.cl\/index.php\/wp-json\/wp\/v2\/pages\/63\/revisions\/195"}],"wp:attachment":[{"href":"https:\/\/redarte.cl\/index.php\/wp-json\/wp\/v2\/media?parent=63"}],"curies":[{"name":"wp","href":"https:\/\/api.w.org\/{rel}","templated":true}]}}