{"id":150,"date":"2026-04-11T01:41:55","date_gmt":"2026-04-11T04:41:55","guid":{"rendered":"http:\/\/redarte.test\/?page_id=150"},"modified":"2026-04-14T12:03:13","modified_gmt":"2026-04-14T15:03:13","slug":"sobre-red-arte","status":"publish","type":"page","link":"https:\/\/redarte.cl\/index.php\/sobre-red-arte\/","title":{"rendered":"Sobre Red Arte"},"content":{"rendered":"<div class=\"et_pb_section_0 et_pb_section et_section_regular et_flex_section\">\n<div class=\"et_pb_row_0 et_pb_row et_flex_row\">\n<div class=\"et_pb_column_0 et_pb_column et_flex_column et_pb_css_mix_blend_mode_passthrough et_flex_column_12_24 et_flex_column_12_24_tablet et_flex_column_24_24_phone\">\n<div class=\"et_pb_text_0 et_pb_text et_pb_bg_layout_light et_pb_module et_flex_module preset--module--divi-text--default\"><div class=\"et_pb_text_inner\"><h2 style=\"text-align: justify;\">Sobre Red Arte<\/h2>\n<p style=\"text-align: justify;\">Red Arte nace como una iniciativa que busca descentralizar la exhibici\u00f3n art\u00edstica y generar nuevas relaciones entre arte contempor\u00e1neo, territorio y comunidad.<\/p>\n<p style=\"text-align: justify;\">El proyecto propone una red de micro-galer\u00edas p\u00fablicas que permiten exhibiciones continuas, accesibles y sustentables, ampliando las formas tradicionales de circulaci\u00f3n del arte.<\/p>\n<p style=\"text-align: justify;\">M\u00e1s que una exposici\u00f3n, Red Arte es un proceso colaborativo que conecta artistas locales, habitantes y espacios cotidianos, invitando a nuevas formas de observar y habitar el entorno.<\/p>\n<\/div><\/div>\n<\/div>\n\n<div class=\"et_pb_column_1 et_pb_column et-last-child et_flex_column et_pb_css_mix_blend_mode_passthrough et_flex_column_12_24 et_flex_column_12_24_tablet et_flex_column_24_24_phone\">\n<div class=\"et_pb_image_0 et_pb_image et_pb_module et_flex_module preset--module--divi-image--default\"><span class=\"et_pb_image_wrap\"><img loading=\"lazy\" decoding=\"async\" src=\"https:\/\/redarte.cl\/wp-content\/uploads\/2026\/04\/igla_111-monkey-786858_1920.png\" title=\"igla_111-monkey-786858_1920\" width=\"1920\" height=\"1887\" class=\"wp-image-153\" \/><\/span><\/div>\n<\/div>\n<\/div>\n\n<div class=\"et_pb_row_1 et_pb_row et_flex_row\">\n<div class=\"et_pb_column_2 et_pb_column et_flex_column et_pb_css_mix_blend_mode_passthrough et_flex_column_12_24 et_flex_column_12_24_tablet et_flex_column_24_24_phone\">\n<div class=\"et_pb_image_1 et_pb_image et_pb_module et_flex_module preset--module--divi-image--default\"><span class=\"et_pb_image_wrap\"><img loading=\"lazy\" decoding=\"async\" src=\"https:\/\/redarte.cl\/wp-content\/uploads\/2026\/04\/RedArte2.jpeg\" title=\"RedArte2\" width=\"1259\" height=\"1600\" class=\"wp-image-178\" \/><\/span><\/div>\n<\/div>\n\n<div class=\"et_pb_column_3 et_pb_column et-last-child et_flex_column et_pb_css_mix_blend_mode_passthrough et_flex_column_12_24 et_flex_column_12_24_tablet et_flex_column_24_24_phone\">\n<div class=\"et_pb_text_1 et_pb_text et_pb_bg_layout_light et_pb_module et_flex_module preset--module--divi-text--default\"><div class=\"et_pb_text_inner\"><h2>Objetivos<\/h2>\n<p><strong>Activar el espacio p\u00fablico<\/strong><br \/>Transformar lugares cotidianos en espacios de experiencia art\u00edstica.<\/p>\n<p><strong>Promover la sustentabilidad<\/strong><br \/>Explorar materialidades y pr\u00e1cticas conscientes con el territorio.<\/p>\n<p><strong>Fomentar inclusi\u00f3n cultural<\/strong><br \/>Incorporar accesibilidad como parte central del dise\u00f1o expositivo.<\/p>\n<p><strong>Crear redes<\/strong><br \/>Vincular artistas y comunidades a largo plazo.<\/p>\n<p>FORMATO<\/p>\n<h3><span>Nuevos formatos de exhibici\u00f3n<\/span><\/h3>\n<p><span>\u00a0<\/span><\/p>\n<p><span>Las micro-galer\u00edas son estructuras expositivas de peque\u00f1o formato (60 x 40 cm) dise\u00f1adas para instalar arte contempor\u00e1neo en el espacio p\u00fablico.<\/span><\/p>\n<p><span>Equipadas con iluminaci\u00f3n solar, permiten exhibiciones permanentes visibles tanto de d\u00eda como de noche, generando encuentros espont\u00e1neos entre obra y espectador.<\/span><\/p>\n<p>.<\/p>\n<\/div><\/div>\n<\/div>\n<\/div>\n<\/div>","protected":false},"excerpt":{"rendered":"","protected":false},"author":1,"featured_media":0,"parent":0,"menu_order":0,"comment_status":"closed","ping_status":"closed","template":"","meta":{"footnotes":""},"class_list":["post-150","page","type-page","status-publish","hentry"],"_links":{"self":[{"href":"https:\/\/redarte.cl\/index.php\/wp-json\/wp\/v2\/pages\/150","targetHints":{"allow":["GET"]}}],"collection":[{"href":"https:\/\/redarte.cl\/index.php\/wp-json\/wp\/v2\/pages"}],"about":[{"href":"https:\/\/redarte.cl\/index.php\/wp-json\/wp\/v2\/types\/page"}],"author":[{"embeddable":true,"href":"https:\/\/redarte.cl\/index.php\/wp-json\/wp\/v2\/users\/1"}],"replies":[{"embeddable":true,"href":"https:\/\/redarte.cl\/index.php\/wp-json\/wp\/v2\/comments?post=150"}],"version-history":[{"count":5,"href":"https:\/\/redarte.cl\/index.php\/wp-json\/wp\/v2\/pages\/150\/revisions"}],"predecessor-version":[{"id":181,"href":"https:\/\/redarte.cl\/index.php\/wp-json\/wp\/v2\/pages\/150\/revisions\/181"}],"wp:attachment":[{"href":"https:\/\/redarte.cl\/index.php\/wp-json\/wp\/v2\/media?parent=150"}],"curies":[{"name":"wp","href":"https:\/\/api.w.org\/{rel}","templated":true}]}}